{"id":78,"date":"2026-04-26T11:10:26","date_gmt":"2026-04-26T09:10:26","guid":{"rendered":"http:\/\/231.wordpressalk.pl\/?post_type=product&#038;p=78"},"modified":"2026-04-26T19:27:11","modified_gmt":"2026-04-26T17:27:11","slug":"legginsy-treningowe","status":"publish","type":"product","link":"https:\/\/231.wordpressalk.pl\/index.php\/produkt\/legginsy-treningowe\/","title":{"rendered":"Legginsy Treningowe"},"content":{"rendered":"<p data-start=\"109\" data-end=\"506\">Legginsy treningowe to wygodny i praktyczny element garderoby sportowej, kt\u00f3ry sprawdzi si\u0119 podczas treningu si\u0142owego, pilatesu, rozci\u0105gania, spacer\u00f3w oraz codziennej aktywno\u015bci. Zosta\u0142y stworzone z my\u015bl\u0105 o osobach, kt\u00f3re ceni\u0105 komfort, swobod\u0119 ruchu i estetyczny wygl\u0105d podczas \u0107wicze\u0144. Elastyczny materia\u0142 dobrze dopasowuje si\u0119 do sylwetki, nie ogranicza ruch\u00f3w i pozwala skupi\u0107 si\u0119 na treningu.<\/p>\n<p data-start=\"511\" data-end=\"870\">Produkt dost\u0119pny jest w kilku wariantach rozmiarowych, dzi\u0119ki czemu mo\u017cna lepiej dopasowa\u0107 go do w\u0142asnych potrzeb. Legginsy nadaj\u0105 si\u0119 zar\u00f3wno dla os\u00f3b pocz\u0105tkuj\u0105cych, jak i dla tych, kt\u00f3re regularnie \u0107wicz\u0105 na si\u0142owni lub w domu. Mo\u017cna je wykorzysta\u0107 do \u0107wicze\u0144 wzmacniaj\u0105cych, treningu po\u015bladk\u00f3w, zaj\u0119\u0107 pilates, jogi oraz aktywno\u015bci o ni\u017cszej intensywno\u015bci.<\/p>\n<p data-start=\"875\" data-end=\"1203\">Legginsy treningowe s\u0105 dobrym wyborem dla os\u00f3b, kt\u00f3re chc\u0105 po\u0142\u0105czy\u0107 wygod\u0119 z funkcjonalno\u015bci\u0105. Ich uniwersalny charakter sprawia, \u017ce pasuj\u0105 do r\u00f3\u017cnych form aktywno\u015bci fizycznej i mog\u0105 sta\u0107 si\u0119 podstaw\u0105 codziennego stroju sportowego. To produkt dla os\u00f3b, kt\u00f3re chc\u0105 czu\u0107 si\u0119 pewnie, wygodnie i swobodnie podczas ka\u017cdego treningu.<\/p>\n","protected":false},"excerpt":{"rendered":"<p>Wygodne legginsy treningowe dost\u0119pne w kilku rozmiarach. Idealne na si\u0142owni\u0119, pilates, jog\u0119, rozci\u0105ganie i codzienn\u0105 aktywno\u015b\u0107.<\/p>\n","protected":false},"featured_media":83,"comment_status":"open","ping_status":"closed","template":"","meta":{"site-sidebar-layout":"default","site-content-layout":"","ast-site-content-layout":"default","site-content-style":"default","site-sidebar-style":"default","ast-global-header-display":"","ast-banner-title-visibility":"","ast-main-header-display":"","ast-hfb-above-header-display":"","ast-hfb-below-header-display":"","ast-hfb-mobile-header-display":"","site-post-title":"","ast-breadcrumbs-content":"","ast-featured-img":"","footer-sml-layout":"","ast-disable-related-posts":"","theme-transparent-header-meta":"","adv-header-id-meta":"","stick-header-meta":"","header-above-stick-meta":"","header-main-stick-meta":"","header-below-stick-meta":"","astra-migrate-meta-layouts":"default","ast-page-background-enabled":"default","ast-page-background-meta":{"desktop":{"background-color":"var(--ast-global-color-5)","background-image":"","background-repeat":"repeat","background-position":"center center","background-size":"auto","background-attachment":"scroll","background-type":"","background-media":"","overlay-type":"","overlay-color":"","overlay-opacity":"","overlay-gradient":""},"tablet":{"background-color":"","background-image":"","background-repeat":"repeat","background-position":"center center","background-size":"auto","background-attachment":"scroll","background-type":"","background-media":"","overlay-type":"","overlay-color":"","overlay-opacity":"","overlay-gradient":""},"mobile":{"background-color":"","background-image":"","background-repeat":"repeat","background-position":"center center","background-size":"auto","background-attachment":"scroll","background-type":"","background-media":"","overlay-type":"","overlay-color":"","overlay-opacity":"","overlay-gradient":""}},"ast-content-background-meta":{"desktop":{"background-color":"var(--ast-global-color-4)","background-image":"","background-repeat":"repeat","background-position":"center center","background-size":"auto","background-attachment":"scroll","background-type":"","background-media":"","overlay-type":"","overlay-color":"","overlay-opacity":"","overlay-gradient":""},"tablet":{"background-color":"var(--ast-global-color-4)","background-image":"","background-repeat":"repeat","background-position":"center center","background-size":"auto","background-attachment":"scroll","background-type":"","background-media":"","overlay-type":"","overlay-color":"","overlay-opacity":"","overlay-gradient":""},"mobile":{"background-color":"var(--ast-global-color-4)","background-image":"","background-repeat":"repeat","background-position":"center center","background-size":"auto","background-attachment":"scroll","background-type":"","background-media":"","overlay-type":"","overlay-color":"","overlay-opacity":"","overlay-gradient":""}}},"product_brand":[],"product_cat":[22,21,27],"product_tag":[23,28,25],"class_list":{"0":"post-78","1":"product","2":"type-product","3":"status-publish","4":"has-post-thumbnail","6":"product_cat-pilates","7":"product_cat-sport","8":"product_cat-trening","9":"product_tag-pilates","10":"product_tag-sport","11":"product_tag-trening","12":"desktop-align-left","13":"tablet-align-left","14":"mobile-align-left","16":"first","17":"instock","18":"sale","19":"taxable","20":"shipping-taxable","21":"purchasable","22":"product-type-variable"},"yoast_head":"<!-- This site is optimized with the Yoast SEO plugin v27.2 - https:\/\/yoast.com\/product\/yoast-seo-wordpress\/ -->\n<title>Legginsy Treningowe - Body Balance<\/title>\n<meta name=\"robots\" content=\"index, follow, max-snippet:-1, max-image-preview:large, max-video-preview:-1\" \/>\n<link rel=\"canonical\" href=\"https:\/\/231.wordpressalk.pl\/index.php\/produkt\/legginsy-treningowe\/\" \/>\n<meta property=\"og:locale\" content=\"pl_PL\" \/>\n<meta property=\"og:type\" content=\"article\" \/>\n<meta property=\"og:title\" content=\"Legginsy Treningowe - Body Balance\" \/>\n<meta property=\"og:description\" content=\"Wygodne legginsy treningowe dost\u0119pne w kilku rozmiarach. Idealne na si\u0142owni\u0119, pilates, jog\u0119, rozci\u0105ganie i codzienn\u0105 aktywno\u015b\u0107.\" \/>\n<meta property=\"og:url\" content=\"https:\/\/231.wordpressalk.pl\/index.php\/produkt\/legginsy-treningowe\/\" \/>\n<meta property=\"og:site_name\" content=\"Body Balance\" \/>\n<meta property=\"article:modified_time\" content=\"2026-04-26T17:27:11+00:00\" \/>\n<meta property=\"og:image\" content=\"https:\/\/231.wordpressalk.pl\/wp-content\/uploads\/2026\/04\/af9cee6b87876a816a9738d840123e76.jpg\" \/>\n\t<meta property=\"og:image:width\" content=\"749\" \/>\n\t<meta property=\"og:image:height\" content=\"999\" \/>\n\t<meta property=\"og:image:type\" content=\"image\/jpeg\" \/>\n<meta name=\"twitter:card\" content=\"summary_large_image\" \/>\n<meta name=\"twitter:label1\" content=\"Szacowany czas czytania\" \/>\n\t<meta name=\"twitter:data1\" content=\"2 minuty\" \/>\n<script type=\"application\/ld+json\" class=\"yoast-schema-graph\">{\"@context\":\"https:\/\/schema.org\",\"@graph\":[{\"@type\":\"WebPage\",\"@id\":\"https:\/\/231.wordpressalk.pl\/index.php\/produkt\/legginsy-treningowe\/\",\"url\":\"https:\/\/231.wordpressalk.pl\/index.php\/produkt\/legginsy-treningowe\/\",\"name\":\"Legginsy Treningowe - Body Balance\",\"isPartOf\":{\"@id\":\"https:\/\/231.wordpressalk.pl\/#website\"},\"primaryImageOfPage\":{\"@id\":\"https:\/\/231.wordpressalk.pl\/index.php\/produkt\/legginsy-treningowe\/#primaryimage\"},\"image\":{\"@id\":\"https:\/\/231.wordpressalk.pl\/index.php\/produkt\/legginsy-treningowe\/#primaryimage\"},\"thumbnailUrl\":\"https:\/\/231.wordpressalk.pl\/wp-content\/uploads\/2026\/04\/af9cee6b87876a816a9738d840123e76.jpg\",\"datePublished\":\"2026-04-26T09:10:26+00:00\",\"dateModified\":\"2026-04-26T17:27:11+00:00\",\"breadcrumb\":{\"@id\":\"https:\/\/231.wordpressalk.pl\/index.php\/produkt\/legginsy-treningowe\/#breadcrumb\"},\"inLanguage\":\"pl-PL\",\"potentialAction\":[{\"@type\":\"ReadAction\",\"target\":[\"https:\/\/231.wordpressalk.pl\/index.php\/produkt\/legginsy-treningowe\/\"]}]},{\"@type\":\"ImageObject\",\"inLanguage\":\"pl-PL\",\"@id\":\"https:\/\/231.wordpressalk.pl\/index.php\/produkt\/legginsy-treningowe\/#primaryimage\",\"url\":\"https:\/\/231.wordpressalk.pl\/wp-content\/uploads\/2026\/04\/af9cee6b87876a816a9738d840123e76.jpg\",\"contentUrl\":\"https:\/\/231.wordpressalk.pl\/wp-content\/uploads\/2026\/04\/af9cee6b87876a816a9738d840123e76.jpg\",\"width\":749,\"height\":999},{\"@type\":\"BreadcrumbList\",\"@id\":\"https:\/\/231.wordpressalk.pl\/index.php\/produkt\/legginsy-treningowe\/#breadcrumb\",\"itemListElement\":[{\"@type\":\"ListItem\",\"position\":1,\"name\":\"Strona g\u0142\u00f3wna\",\"item\":\"https:\/\/231.wordpressalk.pl\/\"},{\"@type\":\"ListItem\",\"position\":2,\"name\":\"Sklep\",\"item\":\"https:\/\/231.wordpressalk.pl\/index.php\/sklep\/\"},{\"@type\":\"ListItem\",\"position\":3,\"name\":\"Legginsy Treningowe\"}]},{\"@type\":\"WebSite\",\"@id\":\"https:\/\/231.wordpressalk.pl\/#website\",\"url\":\"https:\/\/231.wordpressalk.pl\/\",\"name\":\"Body Balance\",\"description\":\"Tw\u00f3j przewodnik po m\u0105drym i skutecznym treningu.\",\"publisher\":{\"@id\":\"https:\/\/231.wordpressalk.pl\/#organization\"},\"potentialAction\":[{\"@type\":\"SearchAction\",\"target\":{\"@type\":\"EntryPoint\",\"urlTemplate\":\"https:\/\/231.wordpressalk.pl\/?s={search_term_string}\"},\"query-input\":{\"@type\":\"PropertyValueSpecification\",\"valueRequired\":true,\"valueName\":\"search_term_string\"}}],\"inLanguage\":\"pl-PL\"},{\"@type\":\"Organization\",\"@id\":\"https:\/\/231.wordpressalk.pl\/#organization\",\"name\":\"Body Balance\",\"url\":\"https:\/\/231.wordpressalk.pl\/\",\"logo\":{\"@type\":\"ImageObject\",\"inLanguage\":\"pl-PL\",\"@id\":\"https:\/\/231.wordpressalk.pl\/#\/schema\/logo\/image\/\",\"url\":\"https:\/\/231.wordpressalk.pl\/wp-content\/uploads\/2026\/04\/cropped-47886582882a23fba247e4e85cf1d5d0.jpg\",\"contentUrl\":\"https:\/\/231.wordpressalk.pl\/wp-content\/uploads\/2026\/04\/cropped-47886582882a23fba247e4e85cf1d5d0.jpg\",\"width\":1046,\"height\":624,\"caption\":\"Body Balance\"},\"image\":{\"@id\":\"https:\/\/231.wordpressalk.pl\/#\/schema\/logo\/image\/\"}}]}<\/script>\n<!-- \/ Yoast SEO plugin. -->","yoast_head_json":{"title":"Legginsy Treningowe - Body Balance","robots":{"index":"index","follow":"follow","max-snippet":"max-snippet:-1","max-image-preview":"max-image-preview:large","max-video-preview":"max-video-preview:-1"},"canonical":"https:\/\/231.wordpressalk.pl\/index.php\/produkt\/legginsy-treningowe\/","og_locale":"pl_PL","og_type":"article","og_title":"Legginsy Treningowe - Body Balance","og_description":"Wygodne legginsy treningowe dost\u0119pne w kilku rozmiarach. Idealne na si\u0142owni\u0119, pilates, jog\u0119, rozci\u0105ganie i codzienn\u0105 aktywno\u015b\u0107.","og_url":"https:\/\/231.wordpressalk.pl\/index.php\/produkt\/legginsy-treningowe\/","og_site_name":"Body Balance","article_modified_time":"2026-04-26T17:27:11+00:00","og_image":[{"width":749,"height":999,"url":"https:\/\/231.wordpressalk.pl\/wp-content\/uploads\/2026\/04\/af9cee6b87876a816a9738d840123e76.jpg","type":"image\/jpeg"}],"twitter_card":"summary_large_image","twitter_misc":{"Szacowany czas czytania":"2 minuty"},"schema":{"@context":"https:\/\/schema.org","@graph":[{"@type":"WebPage","@id":"https:\/\/231.wordpressalk.pl\/index.php\/produkt\/legginsy-treningowe\/","url":"https:\/\/231.wordpressalk.pl\/index.php\/produkt\/legginsy-treningowe\/","name":"Legginsy Treningowe - Body Balance","isPartOf":{"@id":"https:\/\/231.wordpressalk.pl\/#website"},"primaryImageOfPage":{"@id":"https:\/\/231.wordpressalk.pl\/index.php\/produkt\/legginsy-treningowe\/#primaryimage"},"image":{"@id":"https:\/\/231.wordpressalk.pl\/index.php\/produkt\/legginsy-treningowe\/#primaryimage"},"thumbnailUrl":"https:\/\/231.wordpressalk.pl\/wp-content\/uploads\/2026\/04\/af9cee6b87876a816a9738d840123e76.jpg","datePublished":"2026-04-26T09:10:26+00:00","dateModified":"2026-04-26T17:27:11+00:00","breadcrumb":{"@id":"https:\/\/231.wordpressalk.pl\/index.php\/produkt\/legginsy-treningowe\/#breadcrumb"},"inLanguage":"pl-PL","potentialAction":[{"@type":"ReadAction","target":["https:\/\/231.wordpressalk.pl\/index.php\/produkt\/legginsy-treningowe\/"]}]},{"@type":"ImageObject","inLanguage":"pl-PL","@id":"https:\/\/231.wordpressalk.pl\/index.php\/produkt\/legginsy-treningowe\/#primaryimage","url":"https:\/\/231.wordpressalk.pl\/wp-content\/uploads\/2026\/04\/af9cee6b87876a816a9738d840123e76.jpg","contentUrl":"https:\/\/231.wordpressalk.pl\/wp-content\/uploads\/2026\/04\/af9cee6b87876a816a9738d840123e76.jpg","width":749,"height":999},{"@type":"BreadcrumbList","@id":"https:\/\/231.wordpressalk.pl\/index.php\/produkt\/legginsy-treningowe\/#breadcrumb","itemListElement":[{"@type":"ListItem","position":1,"name":"Strona g\u0142\u00f3wna","item":"https:\/\/231.wordpressalk.pl\/"},{"@type":"ListItem","position":2,"name":"Sklep","item":"https:\/\/231.wordpressalk.pl\/index.php\/sklep\/"},{"@type":"ListItem","position":3,"name":"Legginsy Treningowe"}]},{"@type":"WebSite","@id":"https:\/\/231.wordpressalk.pl\/#website","url":"https:\/\/231.wordpressalk.pl\/","name":"Body Balance","description":"Tw\u00f3j przewodnik po m\u0105drym i skutecznym treningu.","publisher":{"@id":"https:\/\/231.wordpressalk.pl\/#organization"},"potentialAction":[{"@type":"SearchAction","target":{"@type":"EntryPoint","urlTemplate":"https:\/\/231.wordpressalk.pl\/?s={search_term_string}"},"query-input":{"@type":"PropertyValueSpecification","valueRequired":true,"valueName":"search_term_string"}}],"inLanguage":"pl-PL"},{"@type":"Organization","@id":"https:\/\/231.wordpressalk.pl\/#organization","name":"Body Balance","url":"https:\/\/231.wordpressalk.pl\/","logo":{"@type":"ImageObject","inLanguage":"pl-PL","@id":"https:\/\/231.wordpressalk.pl\/#\/schema\/logo\/image\/","url":"https:\/\/231.wordpressalk.pl\/wp-content\/uploads\/2026\/04\/cropped-47886582882a23fba247e4e85cf1d5d0.jpg","contentUrl":"https:\/\/231.wordpressalk.pl\/wp-content\/uploads\/2026\/04\/cropped-47886582882a23fba247e4e85cf1d5d0.jpg","width":1046,"height":624,"caption":"Body Balance"},"image":{"@id":"https:\/\/231.wordpressalk.pl\/#\/schema\/logo\/image\/"}}]}},"_links":{"self":[{"href":"https:\/\/231.wordpressalk.pl\/index.php\/wp-json\/wp\/v2\/product\/78","targetHints":{"allow":["GET"]}}],"collection":[{"href":"https:\/\/231.wordpressalk.pl\/index.php\/wp-json\/wp\/v2\/product"}],"about":[{"href":"https:\/\/231.wordpressalk.pl\/index.php\/wp-json\/wp\/v2\/types\/product"}],"replies":[{"embeddable":true,"href":"https:\/\/231.wordpressalk.pl\/index.php\/wp-json\/wp\/v2\/comments?post=78"}],"wp:featuredmedia":[{"embeddable":true,"href":"https:\/\/231.wordpressalk.pl\/index.php\/wp-json\/wp\/v2\/media\/83"}],"wp:attachment":[{"href":"https:\/\/231.wordpressalk.pl\/index.php\/wp-json\/wp\/v2\/media?parent=78"}],"wp:term":[{"taxonomy":"product_brand","embeddable":true,"href":"https:\/\/231.wordpressalk.pl\/index.php\/wp-json\/wp\/v2\/product_brand?post=78"},{"taxonomy":"product_cat","embeddable":true,"href":"https:\/\/231.wordpressalk.pl\/index.php\/wp-json\/wp\/v2\/product_cat?post=78"},{"taxonomy":"product_tag","embeddable":true,"href":"https:\/\/231.wordpressalk.pl\/index.php\/wp-json\/wp\/v2\/product_tag?post=78"}],"curies":[{"name":"wp","href":"https:\/\/api.w.org\/{rel}","templated":true}]}}