{"id":73,"date":"2026-04-26T10:20:14","date_gmt":"2026-04-26T08:20:14","guid":{"rendered":"http:\/\/231.wordpressalk.pl\/?post_type=product&#038;p=73"},"modified":"2026-04-26T19:51:30","modified_gmt":"2026-04-26T17:51:30","slug":"mata-do-pilatesu","status":"publish","type":"product","link":"https:\/\/231.wordpressalk.pl\/index.php\/produkt\/mata-do-pilatesu\/","title":{"rendered":"Mata do Pilatesu"},"content":{"rendered":"<p>Mata do pilatesu to praktyczny produkt dla os\u00f3b, kt\u00f3re chc\u0105 \u0107wiczy\u0107 w domu, na si\u0142owni lub w studiu treningowym. Sprawdza si\u0119 podczas pilatesu, rozci\u0105gania, jogi oraz \u0107wicze\u0144 wzmacniaj\u0105cych. Dzi\u0119ki mi\u0119kkiej powierzchni zapewnia wi\u0119kszy komfort podczas treningu i pomaga chroni\u0107 kolana, plecy oraz nadgarstki. To dobry wyb\u00f3r dla os\u00f3b pocz\u0105tkuj\u0105cych i zaawansowanych, kt\u00f3re chc\u0105 zadba\u0107 o wygod\u0119 oraz bezpiecze\u0144stwo podczas aktywno\u015bci fizycznej.<\/p>\n","protected":false},"excerpt":{"rendered":"<p>Wygodna mata do pilatesu i \u0107wicze\u0144 w domu, idealna do rozci\u0105gania, treningu oraz pracy nad mobilno\u015bci\u0105.<\/p>\n","protected":false},"featured_media":74,"comment_status":"open","ping_status":"closed","template":"","meta":{"site-sidebar-layout":"default","site-content-layout":"","ast-site-content-layout":"default","site-content-style":"default","site-sidebar-style":"default","ast-global-header-display":"","ast-banner-title-visibility":"","ast-main-header-display":"","ast-hfb-above-header-display":"","ast-hfb-below-header-display":"","ast-hfb-mobile-header-display":"","site-post-title":"","ast-breadcrumbs-content":"","ast-featured-img":"","footer-sml-layout":"","ast-disable-related-posts":"","theme-transparent-header-meta":"","adv-header-id-meta":"","stick-header-meta":"","header-above-stick-meta":"","header-main-stick-meta":"","header-below-stick-meta":"","astra-migrate-meta-layouts":"default","ast-page-background-enabled":"default","ast-page-background-meta":{"desktop":{"background-color":"var(--ast-global-color-5)","background-image":"","background-repeat":"repeat","background-position":"center center","background-size":"auto","background-attachment":"scroll","background-type":"","background-media":"","overlay-type":"","overlay-color":"","overlay-opacity":"","overlay-gradient":""},"tablet":{"background-color":"","background-image":"","background-repeat":"repeat","background-position":"center center","background-size":"auto","background-attachment":"scroll","background-type":"","background-media":"","overlay-type":"","overlay-color":"","overlay-opacity":"","overlay-gradient":""},"mobile":{"background-color":"","background-image":"","background-repeat":"repeat","background-position":"center center","background-size":"auto","background-attachment":"scroll","background-type":"","background-media":"","overlay-type":"","overlay-color":"","overlay-opacity":"","overlay-gradient":""}},"ast-content-background-meta":{"desktop":{"background-color":"var(--ast-global-color-4)","background-image":"","background-repeat":"repeat","background-position":"center center","background-size":"auto","background-attachment":"scroll","background-type":"","background-media":"","overlay-type":"","overlay-color":"","overlay-opacity":"","overlay-gradient":""},"tablet":{"background-color":"var(--ast-global-color-4)","background-image":"","background-repeat":"repeat","background-position":"center center","background-size":"auto","background-attachment":"scroll","background-type":"","background-media":"","overlay-type":"","overlay-color":"","overlay-opacity":"","overlay-gradient":""},"mobile":{"background-color":"var(--ast-global-color-4)","background-image":"","background-repeat":"repeat","background-position":"center center","background-size":"auto","background-attachment":"scroll","background-type":"","background-media":"","overlay-type":"","overlay-color":"","overlay-opacity":"","overlay-gradient":""}}},"product_brand":[],"product_cat":[22,21],"product_tag":[26,24,23,25],"class_list":{"0":"post-73","1":"product","2":"type-product","3":"status-publish","4":"has-post-thumbnail","6":"product_cat-pilates","7":"product_cat-sport","8":"product_tag-fitness","9":"product_tag-mata","10":"product_tag-pilates","11":"product_tag-trening","12":"desktop-align-left","13":"tablet-align-left","14":"mobile-align-left","16":"first","17":"instock","18":"sale","19":"taxable","20":"shipping-taxable","21":"purchasable","22":"product-type-simple"},"yoast_head":"<!-- This site is optimized with the Yoast SEO plugin v27.2 - https:\/\/yoast.com\/product\/yoast-seo-wordpress\/ -->\n<title>Mata do Pilatesu - Body Balance<\/title>\n<meta name=\"description\" content=\"Wygodna mata do pilatesu i \u0107wicze\u0144 w domu, idealna do rozci\u0105gania, treningu oraz pracy nad mobilno\u015bci\u0105.\" \/>\n<meta name=\"robots\" content=\"index, follow, max-snippet:-1, max-image-preview:large, max-video-preview:-1\" \/>\n<link rel=\"canonical\" href=\"https:\/\/231.wordpressalk.pl\/index.php\/produkt\/mata-do-pilatesu\/\" \/>\n<meta property=\"og:locale\" content=\"pl_PL\" \/>\n<meta property=\"og:type\" content=\"article\" \/>\n<meta property=\"og:title\" content=\"Mata do Pilatesu - Body Balance\" \/>\n<meta property=\"og:description\" content=\"Wygodna mata do pilatesu i \u0107wicze\u0144 w domu, idealna do rozci\u0105gania, treningu oraz pracy nad mobilno\u015bci\u0105.\" \/>\n<meta property=\"og:url\" content=\"https:\/\/231.wordpressalk.pl\/index.php\/produkt\/mata-do-pilatesu\/\" \/>\n<meta property=\"og:site_name\" content=\"Body Balance\" \/>\n<meta property=\"article:modified_time\" content=\"2026-04-26T17:51:30+00:00\" \/>\n<meta property=\"og:image\" content=\"https:\/\/231.wordpressalk.pl\/wp-content\/uploads\/2026\/04\/e5d45cf0c6ca23b70ffe54a3d5269a12.jpg\" \/>\n\t<meta property=\"og:image:width\" content=\"1200\" \/>\n\t<meta property=\"og:image:height\" content=\"1200\" \/>\n\t<meta property=\"og:image:type\" content=\"image\/jpeg\" \/>\n<meta name=\"twitter:card\" content=\"summary_large_image\" \/>\n<meta name=\"twitter:label1\" content=\"Szacowany czas czytania\" \/>\n\t<meta name=\"twitter:data1\" content=\"1 minuta\" \/>\n<script type=\"application\/ld+json\" class=\"yoast-schema-graph\">{\"@context\":\"https:\/\/schema.org\",\"@graph\":[{\"@type\":\"WebPage\",\"@id\":\"https:\/\/231.wordpressalk.pl\/index.php\/produkt\/mata-do-pilatesu\/\",\"url\":\"https:\/\/231.wordpressalk.pl\/index.php\/produkt\/mata-do-pilatesu\/\",\"name\":\"Mata do Pilatesu - Body Balance\",\"isPartOf\":{\"@id\":\"https:\/\/231.wordpressalk.pl\/#website\"},\"primaryImageOfPage\":{\"@id\":\"https:\/\/231.wordpressalk.pl\/index.php\/produkt\/mata-do-pilatesu\/#primaryimage\"},\"image\":{\"@id\":\"https:\/\/231.wordpressalk.pl\/index.php\/produkt\/mata-do-pilatesu\/#primaryimage\"},\"thumbnailUrl\":\"https:\/\/231.wordpressalk.pl\/wp-content\/uploads\/2026\/04\/e5d45cf0c6ca23b70ffe54a3d5269a12.jpg\",\"datePublished\":\"2026-04-26T08:20:14+00:00\",\"dateModified\":\"2026-04-26T17:51:30+00:00\",\"description\":\"Wygodna mata do pilatesu i \u0107wicze\u0144 w domu, idealna do rozci\u0105gania, treningu oraz pracy nad mobilno\u015bci\u0105.\",\"breadcrumb\":{\"@id\":\"https:\/\/231.wordpressalk.pl\/index.php\/produkt\/mata-do-pilatesu\/#breadcrumb\"},\"inLanguage\":\"pl-PL\",\"potentialAction\":[{\"@type\":\"ReadAction\",\"target\":[\"https:\/\/231.wordpressalk.pl\/index.php\/produkt\/mata-do-pilatesu\/\"]}]},{\"@type\":\"ImageObject\",\"inLanguage\":\"pl-PL\",\"@id\":\"https:\/\/231.wordpressalk.pl\/index.php\/produkt\/mata-do-pilatesu\/#primaryimage\",\"url\":\"https:\/\/231.wordpressalk.pl\/wp-content\/uploads\/2026\/04\/e5d45cf0c6ca23b70ffe54a3d5269a12.jpg\",\"contentUrl\":\"https:\/\/231.wordpressalk.pl\/wp-content\/uploads\/2026\/04\/e5d45cf0c6ca23b70ffe54a3d5269a12.jpg\",\"width\":1200,\"height\":1200,\"caption\":\"Version 1.0.0\"},{\"@type\":\"BreadcrumbList\",\"@id\":\"https:\/\/231.wordpressalk.pl\/index.php\/produkt\/mata-do-pilatesu\/#breadcrumb\",\"itemListElement\":[{\"@type\":\"ListItem\",\"position\":1,\"name\":\"Strona g\u0142\u00f3wna\",\"item\":\"https:\/\/231.wordpressalk.pl\/\"},{\"@type\":\"ListItem\",\"position\":2,\"name\":\"Sklep\",\"item\":\"https:\/\/231.wordpressalk.pl\/index.php\/sklep\/\"},{\"@type\":\"ListItem\",\"position\":3,\"name\":\"Mata do Pilatesu\"}]},{\"@type\":\"WebSite\",\"@id\":\"https:\/\/231.wordpressalk.pl\/#website\",\"url\":\"https:\/\/231.wordpressalk.pl\/\",\"name\":\"Body Balance\",\"description\":\"Tw\u00f3j przewodnik po m\u0105drym i skutecznym treningu.\",\"publisher\":{\"@id\":\"https:\/\/231.wordpressalk.pl\/#organization\"},\"potentialAction\":[{\"@type\":\"SearchAction\",\"target\":{\"@type\":\"EntryPoint\",\"urlTemplate\":\"https:\/\/231.wordpressalk.pl\/?s={search_term_string}\"},\"query-input\":{\"@type\":\"PropertyValueSpecification\",\"valueRequired\":true,\"valueName\":\"search_term_string\"}}],\"inLanguage\":\"pl-PL\"},{\"@type\":\"Organization\",\"@id\":\"https:\/\/231.wordpressalk.pl\/#organization\",\"name\":\"Body Balance\",\"url\":\"https:\/\/231.wordpressalk.pl\/\",\"logo\":{\"@type\":\"ImageObject\",\"inLanguage\":\"pl-PL\",\"@id\":\"https:\/\/231.wordpressalk.pl\/#\/schema\/logo\/image\/\",\"url\":\"https:\/\/231.wordpressalk.pl\/wp-content\/uploads\/2026\/04\/cropped-47886582882a23fba247e4e85cf1d5d0.jpg\",\"contentUrl\":\"https:\/\/231.wordpressalk.pl\/wp-content\/uploads\/2026\/04\/cropped-47886582882a23fba247e4e85cf1d5d0.jpg\",\"width\":1046,\"height\":624,\"caption\":\"Body Balance\"},\"image\":{\"@id\":\"https:\/\/231.wordpressalk.pl\/#\/schema\/logo\/image\/\"}}]}<\/script>\n<!-- \/ Yoast SEO plugin. -->","yoast_head_json":{"title":"Mata do Pilatesu - Body Balance","description":"Wygodna mata do pilatesu i \u0107wicze\u0144 w domu, idealna do rozci\u0105gania, treningu oraz pracy nad mobilno\u015bci\u0105.","robots":{"index":"index","follow":"follow","max-snippet":"max-snippet:-1","max-image-preview":"max-image-preview:large","max-video-preview":"max-video-preview:-1"},"canonical":"https:\/\/231.wordpressalk.pl\/index.php\/produkt\/mata-do-pilatesu\/","og_locale":"pl_PL","og_type":"article","og_title":"Mata do Pilatesu - Body Balance","og_description":"Wygodna mata do pilatesu i \u0107wicze\u0144 w domu, idealna do rozci\u0105gania, treningu oraz pracy nad mobilno\u015bci\u0105.","og_url":"https:\/\/231.wordpressalk.pl\/index.php\/produkt\/mata-do-pilatesu\/","og_site_name":"Body Balance","article_modified_time":"2026-04-26T17:51:30+00:00","og_image":[{"width":1200,"height":1200,"url":"https:\/\/231.wordpressalk.pl\/wp-content\/uploads\/2026\/04\/e5d45cf0c6ca23b70ffe54a3d5269a12.jpg","type":"image\/jpeg"}],"twitter_card":"summary_large_image","twitter_misc":{"Szacowany czas czytania":"1 minuta"},"schema":{"@context":"https:\/\/schema.org","@graph":[{"@type":"WebPage","@id":"https:\/\/231.wordpressalk.pl\/index.php\/produkt\/mata-do-pilatesu\/","url":"https:\/\/231.wordpressalk.pl\/index.php\/produkt\/mata-do-pilatesu\/","name":"Mata do Pilatesu - Body Balance","isPartOf":{"@id":"https:\/\/231.wordpressalk.pl\/#website"},"primaryImageOfPage":{"@id":"https:\/\/231.wordpressalk.pl\/index.php\/produkt\/mata-do-pilatesu\/#primaryimage"},"image":{"@id":"https:\/\/231.wordpressalk.pl\/index.php\/produkt\/mata-do-pilatesu\/#primaryimage"},"thumbnailUrl":"https:\/\/231.wordpressalk.pl\/wp-content\/uploads\/2026\/04\/e5d45cf0c6ca23b70ffe54a3d5269a12.jpg","datePublished":"2026-04-26T08:20:14+00:00","dateModified":"2026-04-26T17:51:30+00:00","description":"Wygodna mata do pilatesu i \u0107wicze\u0144 w domu, idealna do rozci\u0105gania, treningu oraz pracy nad mobilno\u015bci\u0105.","breadcrumb":{"@id":"https:\/\/231.wordpressalk.pl\/index.php\/produkt\/mata-do-pilatesu\/#breadcrumb"},"inLanguage":"pl-PL","potentialAction":[{"@type":"ReadAction","target":["https:\/\/231.wordpressalk.pl\/index.php\/produkt\/mata-do-pilatesu\/"]}]},{"@type":"ImageObject","inLanguage":"pl-PL","@id":"https:\/\/231.wordpressalk.pl\/index.php\/produkt\/mata-do-pilatesu\/#primaryimage","url":"https:\/\/231.wordpressalk.pl\/wp-content\/uploads\/2026\/04\/e5d45cf0c6ca23b70ffe54a3d5269a12.jpg","contentUrl":"https:\/\/231.wordpressalk.pl\/wp-content\/uploads\/2026\/04\/e5d45cf0c6ca23b70ffe54a3d5269a12.jpg","width":1200,"height":1200,"caption":"Version 1.0.0"},{"@type":"BreadcrumbList","@id":"https:\/\/231.wordpressalk.pl\/index.php\/produkt\/mata-do-pilatesu\/#breadcrumb","itemListElement":[{"@type":"ListItem","position":1,"name":"Strona g\u0142\u00f3wna","item":"https:\/\/231.wordpressalk.pl\/"},{"@type":"ListItem","position":2,"name":"Sklep","item":"https:\/\/231.wordpressalk.pl\/index.php\/sklep\/"},{"@type":"ListItem","position":3,"name":"Mata do Pilatesu"}]},{"@type":"WebSite","@id":"https:\/\/231.wordpressalk.pl\/#website","url":"https:\/\/231.wordpressalk.pl\/","name":"Body Balance","description":"Tw\u00f3j przewodnik po m\u0105drym i skutecznym treningu.","publisher":{"@id":"https:\/\/231.wordpressalk.pl\/#organization"},"potentialAction":[{"@type":"SearchAction","target":{"@type":"EntryPoint","urlTemplate":"https:\/\/231.wordpressalk.pl\/?s={search_term_string}"},"query-input":{"@type":"PropertyValueSpecification","valueRequired":true,"valueName":"search_term_string"}}],"inLanguage":"pl-PL"},{"@type":"Organization","@id":"https:\/\/231.wordpressalk.pl\/#organization","name":"Body Balance","url":"https:\/\/231.wordpressalk.pl\/","logo":{"@type":"ImageObject","inLanguage":"pl-PL","@id":"https:\/\/231.wordpressalk.pl\/#\/schema\/logo\/image\/","url":"https:\/\/231.wordpressalk.pl\/wp-content\/uploads\/2026\/04\/cropped-47886582882a23fba247e4e85cf1d5d0.jpg","contentUrl":"https:\/\/231.wordpressalk.pl\/wp-content\/uploads\/2026\/04\/cropped-47886582882a23fba247e4e85cf1d5d0.jpg","width":1046,"height":624,"caption":"Body Balance"},"image":{"@id":"https:\/\/231.wordpressalk.pl\/#\/schema\/logo\/image\/"}}]}},"_links":{"self":[{"href":"https:\/\/231.wordpressalk.pl\/index.php\/wp-json\/wp\/v2\/product\/73","targetHints":{"allow":["GET"]}}],"collection":[{"href":"https:\/\/231.wordpressalk.pl\/index.php\/wp-json\/wp\/v2\/product"}],"about":[{"href":"https:\/\/231.wordpressalk.pl\/index.php\/wp-json\/wp\/v2\/types\/product"}],"replies":[{"embeddable":true,"href":"https:\/\/231.wordpressalk.pl\/index.php\/wp-json\/wp\/v2\/comments?post=73"}],"wp:featuredmedia":[{"embeddable":true,"href":"https:\/\/231.wordpressalk.pl\/index.php\/wp-json\/wp\/v2\/media\/74"}],"wp:attachment":[{"href":"https:\/\/231.wordpressalk.pl\/index.php\/wp-json\/wp\/v2\/media?parent=73"}],"wp:term":[{"taxonomy":"product_brand","embeddable":true,"href":"https:\/\/231.wordpressalk.pl\/index.php\/wp-json\/wp\/v2\/product_brand?post=73"},{"taxonomy":"product_cat","embeddable":true,"href":"https:\/\/231.wordpressalk.pl\/index.php\/wp-json\/wp\/v2\/product_cat?post=73"},{"taxonomy":"product_tag","embeddable":true,"href":"https:\/\/231.wordpressalk.pl\/index.php\/wp-json\/wp\/v2\/product_tag?post=73"}],"curies":[{"name":"wp","href":"https:\/\/api.w.org\/{rel}","templated":true}]}}