{"id":46,"date":"2026-04-26T09:28:00","date_gmt":"2026-04-26T07:28:00","guid":{"rendered":"http:\/\/231.wordpressalk.pl\/?page_id=46"},"modified":"2026-04-26T13:08:04","modified_gmt":"2026-04-26T11:08:04","slug":"o-mnie","status":"publish","type":"page","link":"https:\/\/231.wordpressalk.pl\/index.php\/o-mnie\/","title":{"rendered":"O Mnie"},"content":{"rendered":"\t\t<div data-elementor-type=\"wp-page\" data-elementor-id=\"46\" class=\"elementor elementor-46\">\n\t\t\t\t\t\t<div class=\"elementor-element elementor-element-e5bd825 e-con e-atomic-element e-flexbox-base\" data-id=\"e5bd825\" data-element_type=\"e-flexbox\" data-e-type=\"e-flexbox\" data-interaction-id=\"e5bd825\">\n\t\t\t\t\t\t\t\t<p class=\"e-paragraph-base\" data-interaction-id=\"fde17e8\"  >\n\t\t\t\t\t\t\t\tCze\u015b\u0107! Nazywam si\u0119 Ola i interesuj\u0119 si\u0119 zdrowym stylem \u017cycia, treningiem, pilatesem oraz \u015bwiadomym dbaniem o sylwetk\u0119. <br>Dlatego w\u0142a\u015bnie powsta\u0142a ta strona, jako miejsce, w kt\u00f3rym dziel\u0119 si\u0119 inspiracjami dotycz\u0105cymi aktywno\u015bci fizycznej, zdrowia i dobrego samopoczucia. <br>Lubi\u0119 pokazywa\u0107, \u017ce ruch nie musi by\u0107 trudny ani stresuj\u0105cy. Zar\u00f3wno trening si\u0142owy, jak i pilates mog\u0105 wspiera\u0107 cia\u0142o, poprawia\u0107 postaw\u0119, wzmacnia\u0107 mi\u0119\u015bnie i pomaga\u0107 w budowaniu pewno\u015bci siebie. Wa\u017cne jest jednak, aby wybra\u0107 tak\u0105 form\u0119 aktywno\u015bci, kt\u00f3ra pasuje do naszych cel\u00f3w i stylu \u017cycia.<br>Na stronie znajdziesz wpisy, porady oraz inspiracje dotycz\u0105ce treningu, zdrowych nawyk\u00f3w i motywacji. Chc\u0119, aby to miejsce pomaga\u0142o osobom, kt\u00f3re szukaj\u0105 prostych i praktycznych informacji o aktywnym stylu \u017cycia.\n\t\t\t\t\t<\/p>\n\t\t\t\t<\/div>\n\t\t\t\t<div class=\"elementor-element elementor-element-3c001f8 e-con e-atomic-element e-flexbox-base\" data-id=\"3c001f8\" data-element_type=\"e-flexbox\" data-e-type=\"e-flexbox\" data-interaction-id=\"3c001f8\">\n\t\t\t\t\t\t\t\n\t\t<img class=\"e-image-base e-f581b5e-d211a1d lazyload\" \n\t\t\t\t\tdata-interaction-id=\"f581b5e\" \n\t\t \n\t\t \n\t\t\t\t\t\t\t\t\tid=\"49\"\n\t\t\t\t\t\t\t\t\t\t\t\tdata-src=\"https:\/\/231.wordpressalk.pl\/wp-content\/uploads\/2026\/04\/pilates-photo.jpeg\"\n\t\t\t\t\t\t\t\t\t\t\t\twidth=\"1200\"\n\t\t\t\t\t\t\t\t\t\t\t\theight=\"1600\"\n\t\t\t\t\t\t\t\t\t\t\t\tdata-srcset=\"https:\/\/231.wordpressalk.pl\/wp-content\/uploads\/2026\/04\/pilates-photo.jpeg 1200w, https:\/\/231.wordpressalk.pl\/wp-content\/uploads\/2026\/04\/pilates-photo-600x800.jpeg 600w, https:\/\/231.wordpressalk.pl\/wp-content\/uploads\/2026\/04\/pilates-photo-225x300.jpeg 225w, https:\/\/231.wordpressalk.pl\/wp-content\/uploads\/2026\/04\/pilates-photo-768x1024.jpeg 768w, https:\/\/231.wordpressalk.pl\/wp-content\/uploads\/2026\/04\/pilates-photo-1152x1536.jpeg 1152w\"\n\t\t\t\t\t\t\t\t\t\t\t\talt=\"\"\n\t\t\t\t\t\t src=\"data:image\/svg+xml;base64,PHN2ZyB3aWR0aD0iMSIgaGVpZ2h0PSIxIiB4bWxucz0iaHR0cDovL3d3dy53My5vcmcvMjAwMC9zdmciPjwvc3ZnPg==\" style=\"--smush-placeholder-width: 1200px; --smush-placeholder-aspect-ratio: 1200\/1600;\" \/>\n\t\t\t\t\t<\/div>\n\t\t\t\t<div class=\"elementor-element elementor-element-f4727d7 e-con e-atomic-element e-flexbox-base\" data-id=\"f4727d7\" data-element_type=\"e-flexbox\" data-e-type=\"e-flexbox\" data-interaction-id=\"f4727d7\">\n\t\t\t\t\t    \t            <a\n            href=\"https:\/\/231.wordpressalk.pl\/index.php\/blog\/\" target=\"_self\"\n            class=\"e-558a07d-5e15080 e-button-base\"\n            data-interaction-id=\"558a07d\"\n             \n        >\n            Przejd\u017a do bloga\n        <\/a>\n    \t\t\t\t<\/div>\n\t\t\t\t<\/div>\n\t\t","protected":false},"excerpt":{"rendered":"<p>Cze\u015b\u0107! Nazywam si\u0119 Ola i interesuj\u0119 si\u0119 zdrowym stylem \u017cycia, treningiem, pilatesem oraz \u015bwiadomym dbaniem o sylwetk\u0119. Dlatego w\u0142a\u015bnie powsta\u0142a [&hellip;]<\/p>\n","protected":false},"author":1,"featured_media":0,"parent":0,"menu_order":0,"comment_status":"closed","ping_status":"closed","template":"","meta":{"site-sidebar-layout":"default","site-content-layout":"","ast-site-content-layout":"default","site-content-style":"default","site-sidebar-style":"default","ast-global-header-display":"","ast-banner-title-visibility":"","ast-main-header-display":"","ast-hfb-above-header-display":"","ast-hfb-below-header-display":"","ast-hfb-mobile-header-display":"","site-post-title":"","ast-breadcrumbs-content":"","ast-featured-img":"","footer-sml-layout":"","ast-disable-related-posts":"","theme-transparent-header-meta":"","adv-header-id-meta":"","stick-header-meta":"","header-above-stick-meta":"","header-main-stick-meta":"","header-below-stick-meta":"","astra-migrate-meta-layouts":"default","ast-page-background-enabled":"default","ast-page-background-meta":{"desktop":{"background-color":"var(--ast-global-color-5)","background-image":"","background-repeat":"repeat","background-position":"center center","background-size":"auto","background-attachment":"scroll","background-type":"","background-media":"","overlay-type":"","overlay-color":"","overlay-opacity":"","overlay-gradient":""},"tablet":{"background-color":"","background-image":"","background-repeat":"repeat","background-position":"center center","background-size":"auto","background-attachment":"scroll","background-type":"","background-media":"","overlay-type":"","overlay-color":"","overlay-opacity":"","overlay-gradient":""},"mobile":{"background-color":"","background-image":"","background-repeat":"repeat","background-position":"center center","background-size":"auto","background-attachment":"scroll","background-type":"","background-media":"","overlay-type":"","overlay-color":"","overlay-opacity":"","overlay-gradient":""}},"ast-content-background-meta":{"desktop":{"background-color":"var(--ast-global-color-4)","background-image":"","background-repeat":"repeat","background-position":"center center","background-size":"auto","background-attachment":"scroll","background-type":"","background-media":"","overlay-type":"","overlay-color":"","overlay-opacity":"","overlay-gradient":""},"tablet":{"background-color":"var(--ast-global-color-4)","background-image":"","background-repeat":"repeat","background-position":"center center","background-size":"auto","background-attachment":"scroll","background-type":"","background-media":"","overlay-type":"","overlay-color":"","overlay-opacity":"","overlay-gradient":""},"mobile":{"background-color":"var(--ast-global-color-4)","background-image":"","background-repeat":"repeat","background-position":"center center","background-size":"auto","background-attachment":"scroll","background-type":"","background-media":"","overlay-type":"","overlay-color":"","overlay-opacity":"","overlay-gradient":""}},"footnotes":""},"class_list":["post-46","page","type-page","status-publish","hentry"],"yoast_head":"<!-- This site is optimized with the Yoast SEO plugin v27.2 - https:\/\/yoast.com\/product\/yoast-seo-wordpress\/ -->\n<title>O Mnie - Body Balance<\/title>\n<meta name=\"robots\" content=\"index, follow, max-snippet:-1, max-image-preview:large, max-video-preview:-1\" \/>\n<link rel=\"canonical\" href=\"https:\/\/231.wordpressalk.pl\/index.php\/o-mnie\/\" \/>\n<meta property=\"og:locale\" content=\"pl_PL\" \/>\n<meta property=\"og:type\" content=\"article\" \/>\n<meta property=\"og:title\" content=\"O Mnie - Body Balance\" \/>\n<meta property=\"og:description\" content=\"Cze\u015b\u0107! Nazywam si\u0119 Ola i interesuj\u0119 si\u0119 zdrowym stylem \u017cycia, treningiem, pilatesem oraz \u015bwiadomym dbaniem o sylwetk\u0119. Dlatego w\u0142a\u015bnie powsta\u0142a [&hellip;]\" \/>\n<meta property=\"og:url\" content=\"https:\/\/231.wordpressalk.pl\/index.php\/o-mnie\/\" \/>\n<meta property=\"og:site_name\" content=\"Body Balance\" \/>\n<meta property=\"article:modified_time\" content=\"2026-04-26T11:08:04+00:00\" \/>\n<meta property=\"og:image\" content=\"http:\/\/231.wordpressalk.pl\/wp-content\/uploads\/2026\/04\/pilates-photo.jpeg\" \/>\n<meta name=\"twitter:card\" content=\"summary_large_image\" \/>\n<meta name=\"twitter:label1\" content=\"Szacowany czas czytania\" \/>\n\t<meta name=\"twitter:data1\" content=\"1 minuta\" \/>\n<script type=\"application\/ld+json\" class=\"yoast-schema-graph\">{\"@context\":\"https:\/\/schema.org\",\"@graph\":[{\"@type\":\"WebPage\",\"@id\":\"https:\/\/231.wordpressalk.pl\/index.php\/o-mnie\/\",\"url\":\"https:\/\/231.wordpressalk.pl\/index.php\/o-mnie\/\",\"name\":\"O Mnie - Body Balance\",\"isPartOf\":{\"@id\":\"https:\/\/231.wordpressalk.pl\/#website\"},\"primaryImageOfPage\":{\"@id\":\"https:\/\/231.wordpressalk.pl\/index.php\/o-mnie\/#primaryimage\"},\"image\":{\"@id\":\"https:\/\/231.wordpressalk.pl\/index.php\/o-mnie\/#primaryimage\"},\"thumbnailUrl\":\"http:\/\/231.wordpressalk.pl\/wp-content\/uploads\/2026\/04\/pilates-photo.jpeg\",\"datePublished\":\"2026-04-26T07:28:00+00:00\",\"dateModified\":\"2026-04-26T11:08:04+00:00\",\"breadcrumb\":{\"@id\":\"https:\/\/231.wordpressalk.pl\/index.php\/o-mnie\/#breadcrumb\"},\"inLanguage\":\"pl-PL\",\"potentialAction\":[{\"@type\":\"ReadAction\",\"target\":[\"https:\/\/231.wordpressalk.pl\/index.php\/o-mnie\/\"]}]},{\"@type\":\"ImageObject\",\"inLanguage\":\"pl-PL\",\"@id\":\"https:\/\/231.wordpressalk.pl\/index.php\/o-mnie\/#primaryimage\",\"url\":\"https:\/\/231.wordpressalk.pl\/wp-content\/uploads\/2026\/04\/pilates-photo.jpeg\",\"contentUrl\":\"https:\/\/231.wordpressalk.pl\/wp-content\/uploads\/2026\/04\/pilates-photo.jpeg\",\"width\":1200,\"height\":1600},{\"@type\":\"BreadcrumbList\",\"@id\":\"https:\/\/231.wordpressalk.pl\/index.php\/o-mnie\/#breadcrumb\",\"itemListElement\":[{\"@type\":\"ListItem\",\"position\":1,\"name\":\"Strona g\u0142\u00f3wna\",\"item\":\"https:\/\/231.wordpressalk.pl\/\"},{\"@type\":\"ListItem\",\"position\":2,\"name\":\"O Mnie\"}]},{\"@type\":\"WebSite\",\"@id\":\"https:\/\/231.wordpressalk.pl\/#website\",\"url\":\"https:\/\/231.wordpressalk.pl\/\",\"name\":\"Body Balance\",\"description\":\"Tw\u00f3j przewodnik po m\u0105drym i skutecznym treningu.\",\"publisher\":{\"@id\":\"https:\/\/231.wordpressalk.pl\/#organization\"},\"potentialAction\":[{\"@type\":\"SearchAction\",\"target\":{\"@type\":\"EntryPoint\",\"urlTemplate\":\"https:\/\/231.wordpressalk.pl\/?s={search_term_string}\"},\"query-input\":{\"@type\":\"PropertyValueSpecification\",\"valueRequired\":true,\"valueName\":\"search_term_string\"}}],\"inLanguage\":\"pl-PL\"},{\"@type\":\"Organization\",\"@id\":\"https:\/\/231.wordpressalk.pl\/#organization\",\"name\":\"Body Balance\",\"url\":\"https:\/\/231.wordpressalk.pl\/\",\"logo\":{\"@type\":\"ImageObject\",\"inLanguage\":\"pl-PL\",\"@id\":\"https:\/\/231.wordpressalk.pl\/#\/schema\/logo\/image\/\",\"url\":\"https:\/\/231.wordpressalk.pl\/wp-content\/uploads\/2026\/04\/cropped-47886582882a23fba247e4e85cf1d5d0.jpg\",\"contentUrl\":\"https:\/\/231.wordpressalk.pl\/wp-content\/uploads\/2026\/04\/cropped-47886582882a23fba247e4e85cf1d5d0.jpg\",\"width\":1046,\"height\":624,\"caption\":\"Body Balance\"},\"image\":{\"@id\":\"https:\/\/231.wordpressalk.pl\/#\/schema\/logo\/image\/\"}}]}<\/script>\n<!-- \/ Yoast SEO plugin. -->","yoast_head_json":{"title":"O Mnie - Body Balance","robots":{"index":"index","follow":"follow","max-snippet":"max-snippet:-1","max-image-preview":"max-image-preview:large","max-video-preview":"max-video-preview:-1"},"canonical":"https:\/\/231.wordpressalk.pl\/index.php\/o-mnie\/","og_locale":"pl_PL","og_type":"article","og_title":"O Mnie - Body Balance","og_description":"Cze\u015b\u0107! Nazywam si\u0119 Ola i interesuj\u0119 si\u0119 zdrowym stylem \u017cycia, treningiem, pilatesem oraz \u015bwiadomym dbaniem o sylwetk\u0119. Dlatego w\u0142a\u015bnie powsta\u0142a [&hellip;]","og_url":"https:\/\/231.wordpressalk.pl\/index.php\/o-mnie\/","og_site_name":"Body Balance","article_modified_time":"2026-04-26T11:08:04+00:00","og_image":[{"url":"http:\/\/231.wordpressalk.pl\/wp-content\/uploads\/2026\/04\/pilates-photo.jpeg","type":"","width":"","height":""}],"twitter_card":"summary_large_image","twitter_misc":{"Szacowany czas czytania":"1 minuta"},"schema":{"@context":"https:\/\/schema.org","@graph":[{"@type":"WebPage","@id":"https:\/\/231.wordpressalk.pl\/index.php\/o-mnie\/","url":"https:\/\/231.wordpressalk.pl\/index.php\/o-mnie\/","name":"O Mnie - Body Balance","isPartOf":{"@id":"https:\/\/231.wordpressalk.pl\/#website"},"primaryImageOfPage":{"@id":"https:\/\/231.wordpressalk.pl\/index.php\/o-mnie\/#primaryimage"},"image":{"@id":"https:\/\/231.wordpressalk.pl\/index.php\/o-mnie\/#primaryimage"},"thumbnailUrl":"http:\/\/231.wordpressalk.pl\/wp-content\/uploads\/2026\/04\/pilates-photo.jpeg","datePublished":"2026-04-26T07:28:00+00:00","dateModified":"2026-04-26T11:08:04+00:00","breadcrumb":{"@id":"https:\/\/231.wordpressalk.pl\/index.php\/o-mnie\/#breadcrumb"},"inLanguage":"pl-PL","potentialAction":[{"@type":"ReadAction","target":["https:\/\/231.wordpressalk.pl\/index.php\/o-mnie\/"]}]},{"@type":"ImageObject","inLanguage":"pl-PL","@id":"https:\/\/231.wordpressalk.pl\/index.php\/o-mnie\/#primaryimage","url":"https:\/\/231.wordpressalk.pl\/wp-content\/uploads\/2026\/04\/pilates-photo.jpeg","contentUrl":"https:\/\/231.wordpressalk.pl\/wp-content\/uploads\/2026\/04\/pilates-photo.jpeg","width":1200,"height":1600},{"@type":"BreadcrumbList","@id":"https:\/\/231.wordpressalk.pl\/index.php\/o-mnie\/#breadcrumb","itemListElement":[{"@type":"ListItem","position":1,"name":"Strona g\u0142\u00f3wna","item":"https:\/\/231.wordpressalk.pl\/"},{"@type":"ListItem","position":2,"name":"O Mnie"}]},{"@type":"WebSite","@id":"https:\/\/231.wordpressalk.pl\/#website","url":"https:\/\/231.wordpressalk.pl\/","name":"Body Balance","description":"Tw\u00f3j przewodnik po m\u0105drym i skutecznym treningu.","publisher":{"@id":"https:\/\/231.wordpressalk.pl\/#organization"},"potentialAction":[{"@type":"SearchAction","target":{"@type":"EntryPoint","urlTemplate":"https:\/\/231.wordpressalk.pl\/?s={search_term_string}"},"query-input":{"@type":"PropertyValueSpecification","valueRequired":true,"valueName":"search_term_string"}}],"inLanguage":"pl-PL"},{"@type":"Organization","@id":"https:\/\/231.wordpressalk.pl\/#organization","name":"Body Balance","url":"https:\/\/231.wordpressalk.pl\/","logo":{"@type":"ImageObject","inLanguage":"pl-PL","@id":"https:\/\/231.wordpressalk.pl\/#\/schema\/logo\/image\/","url":"https:\/\/231.wordpressalk.pl\/wp-content\/uploads\/2026\/04\/cropped-47886582882a23fba247e4e85cf1d5d0.jpg","contentUrl":"https:\/\/231.wordpressalk.pl\/wp-content\/uploads\/2026\/04\/cropped-47886582882a23fba247e4e85cf1d5d0.jpg","width":1046,"height":624,"caption":"Body Balance"},"image":{"@id":"https:\/\/231.wordpressalk.pl\/#\/schema\/logo\/image\/"}}]}},"_links":{"self":[{"href":"https:\/\/231.wordpressalk.pl\/index.php\/wp-json\/wp\/v2\/pages\/46","targetHints":{"allow":["GET"]}}],"collection":[{"href":"https:\/\/231.wordpressalk.pl\/index.php\/wp-json\/wp\/v2\/pages"}],"about":[{"href":"https:\/\/231.wordpressalk.pl\/index.php\/wp-json\/wp\/v2\/types\/page"}],"author":[{"embeddable":true,"href":"https:\/\/231.wordpressalk.pl\/index.php\/wp-json\/wp\/v2\/users\/1"}],"replies":[{"embeddable":true,"href":"https:\/\/231.wordpressalk.pl\/index.php\/wp-json\/wp\/v2\/comments?post=46"}],"version-history":[{"count":11,"href":"https:\/\/231.wordpressalk.pl\/index.php\/wp-json\/wp\/v2\/pages\/46\/revisions"}],"predecessor-version":[{"id":101,"href":"https:\/\/231.wordpressalk.pl\/index.php\/wp-json\/wp\/v2\/pages\/46\/revisions\/101"}],"wp:attachment":[{"href":"https:\/\/231.wordpressalk.pl\/index.php\/wp-json\/wp\/v2\/media?parent=46"}],"curies":[{"name":"wp","href":"https:\/\/api.w.org\/{rel}","templated":true}]}}